{"id":96,"date":"2025-11-18T13:59:04","date_gmt":"2025-11-18T13:59:04","guid":{"rendered":"https:\/\/lostinthecrease.com\/?page_id=96"},"modified":"2026-03-20T07:16:01","modified_gmt":"2026-03-20T07:16:01","slug":"lostintheglove","status":"publish","type":"page","link":"https:\/\/lostinthecrease.com\/?page_id=96","title":{"rendered":"#Lostintheglove"},"content":{"rendered":"\n<h2 class=\"wp-block-heading has-text-align-center\">R\u00e4pyl\u00e4 hinnasto<\/h2>\n\n\n\n<p class=\"has-text-align-center\" style=\"margin-top:var(--wp--preset--spacing--20);margin-bottom:var(--wp--preset--spacing--20)\"><strong>R\u00c4PYL\u00c4N L\u00d6YSYTYS<br><\/strong><br>INT\/SENIORI: 59\u20ac<br><br><br><strong>PUSSIN NARUJEN VAIHTO<br><\/strong><br> PELKK\u00c4 NARUJEN VAIHTO: 55\u20ac<br>L\u00d6YSYTYKSEN YHTEYDESS\u00c4: 50\u20ac<\/p>\n\n\n\n<p class=\"has-text-align-center\" style=\"margin-top:var(--wp--preset--spacing--20);margin-bottom:var(--wp--preset--spacing--20)\">KELLUVA PUSSI:65\u20ac<br><br><br><strong>RUNKONARUJEN VAIHTO <br><\/strong><br>ULKOREUNAN NARUT: 50\u20ac<br>ULKOREUNA SEK\u00c4 K\u00c4MMEN NARUT: 70\u20ac<br>KOKO HANSKA: 90\u20ac<br><br><br><strong>LEVYJEN UUSINTA<br><\/strong><br>PEUKALO\/RANNELEVY: 80\u20ac<br>SORMILEVY: 50\u20ac<br>YHDESS\u00c4: 120\u20ac<br><\/p>\n\n\n\n<p class=\"has-text-align-center\" style=\"margin-top:var(--wp--preset--spacing--20);margin-bottom:var(--wp--preset--spacing--20)\"><br><strong>LIS\u00c4SUOJAUS 2mm GEELI<br><\/strong><br>LIS\u00c4SUOJAUS ERIKSEEN: 80\u20ac<br>LIS\u00c4SUOJAUS MUUN TY\u00d6N YHTEYDESS\u00c4: 30\u20ac <br><br><br><strong>KORJAUS JA PAIKKAUSTY\u00d6T<br><\/strong><\/p>\n\n\n\n<p class=\"has-text-align-center\" style=\"margin-top:var(--wp--preset--spacing--20);margin-bottom:var(--wp--preset--spacing--20)\">UUSI PINTA T-OSAN K\u00c4RKEEN: 60\u20ac<\/p>\n\n\n\n<p class=\"has-text-align-center\" style=\"margin-top:var(--wp--preset--spacing--20);margin-bottom:var(--wp--preset--spacing--20)\">KANTTINAUHAN VAIHTO <br>KOKO K\u00c4MMEN 40\u20ac (1 KIERROS)<br>KOKO K\u00c4MMEN MOLEMMAT KERROKSET 70\u20ac<\/p>\n\n\n\n<p class=\"has-text-align-center\" style=\"margin-top:var(--wp--preset--spacing--20);margin-bottom:var(--wp--preset--spacing--20)\">TARRAN VAIHTO PEHME\u00c4 PUOLI 20\u20ac<br>TARRAN VAIHTO MOLEMMAT PUOLET 40\u20ac<\/p>\n\n\n\n<p class=\"has-text-align-center\" style=\"margin-top:var(--wp--preset--spacing--20);margin-bottom:var(--wp--preset--spacing--20)\"><br>R\u00c4PYL\u00c4N RANNE STYROXIN LIIMAUS 30\u20ac<br><br><br>PAIKKAUKSET\/REPE\u00c4M\u00c4T SOVITAAN AINA TAPAUSKOHTAISESTI<br><br><\/p>\n\n\n\n<p class=\"has-text-align-center\" style=\"margin-top:var(--wp--preset--spacing--20);margin-bottom:var(--wp--preset--spacing--20)\"><\/p>\n\n\n\n<figure class=\"wp-block-image aligncenter size-large is-resized\"><img loading=\"lazy\" decoding=\"async\" width=\"1024\" height=\"1024\" src=\"https:\/\/lostinthecrease.com\/wp-content\/uploads\/2025\/11\/Nimeton-5-1024x1024.png\" alt=\"\" class=\"wp-image-113\" style=\"width:366px;height:auto\" srcset=\"https:\/\/lostinthecrease.com\/wp-content\/uploads\/2025\/11\/Nimeton-5-1024x1024.png 1024w, https:\/\/lostinthecrease.com\/wp-content\/uploads\/2025\/11\/Nimeton-5-300x300.png 300w, https:\/\/lostinthecrease.com\/wp-content\/uploads\/2025\/11\/Nimeton-5-150x150.png 150w, https:\/\/lostinthecrease.com\/wp-content\/uploads\/2025\/11\/Nimeton-5-768x768.png 768w, https:\/\/lostinthecrease.com\/wp-content\/uploads\/2025\/11\/Nimeton-5.png 1080w\" sizes=\"auto, (max-width: 1024px) 100vw, 1024px\" \/><\/figure>\n\n\n\n<p class=\"has-text-align-center\">HINTA M\u00c4\u00c4R\u00c4YTYY TY\u00d6N M\u00c4\u00c4R\u00c4N JA TARVITTAVIEN MATERIAALIEN MUKAAN. LOPULLINEN HINTA ARVIOIDAAN AINA TAPAUSKOHTAISESTI<br><br>MY\u00d6S HIILIKUITU KORJAUKSET ONNISTUU ESIM. LUISTIMEN RUNKO, MASKIN MURTUMA JNE.<br><br><br>KYSY ERIKSEEN N\u00c4IST\u00c4!<br><br><br><br><\/p>\n\n\n\n<div class=\"wp-block-buttons is-content-justification-center is-layout-flex wp-container-core-buttons-is-layout-a89b3969 wp-block-buttons-is-layout-flex\">\n<div class=\"wp-block-button\"><a class=\"wp-block-button__link wp-element-button\" href=\"https:\/\/lostinthecrease.com\/\" style=\"border-width:2px\">ETUSIVU<\/a><\/div>\n\n\n\n<div class=\"wp-block-button\"><a class=\"wp-block-button__link wp-element-button\" href=\"https:\/\/lostinthecrease.com\/?page_id=99\" style=\"border-width:2px\">MASKI <\/a><\/div>\n\n\n\n<div class=\"wp-block-button\"><a class=\"wp-block-button__link wp-element-button\" href=\"https:\/\/lostinthecrease.com\/?page_id=145\" style=\"border-width:2px\">YHTEYDENOTTO<\/a><\/div>\n\n\n\n<div class=\"wp-block-button\"><a class=\"wp-block-button__link wp-element-button\" href=\"https:\/\/lostinthecrease.com\/?page_id=102\" style=\"border-width:2px\">YRITYKSEST\u00c4<\/a><\/div>\n<\/div>\n\n\n\n<div style=\"height:100px\" aria-hidden=\"true\" class=\"wp-block-spacer\"><\/div>\n","protected":false},"excerpt":{"rendered":"<p>R\u00e4pyl\u00e4 hinnasto R\u00c4PYL\u00c4N L\u00d6YSYTYSINT\/SENIORI: 59\u20ac PUSSIN NARUJEN VAIHTO PELKK\u00c4 NARUJEN VAIHTO: 55\u20acL\u00d6YSYTYKSEN YHTEYDESS\u00c4: 50\u20ac KELLUVA PUSSI:65\u20ac RUNKONARUJEN VAIHTO ULKOREUNAN NARUT: 50\u20acULKOREUNA SEK\u00c4 K\u00c4MMEN NARUT: 70\u20acKOKO HANSKA: 90\u20ac LEVYJEN UUSINTAPEUKALO\/RANNELEVY: 80\u20acSORMILEVY: 50\u20acYHDESS\u00c4: 120\u20ac LIS\u00c4SUOJAUS 2mm GEELILIS\u00c4SUOJAUS ERIKSEEN: 80\u20acLIS\u00c4SUOJAUS MUUN TY\u00d6N YHTEYDESS\u00c4: 30\u20ac KORJAUS JA PAIKKAUSTY\u00d6T UUSI PINTA T-OSAN K\u00c4RKEEN: 60\u20ac KANTTINAUHAN VAIHTO KOKO K\u00c4MMEN 40\u20ac (1 [&hellip;]<\/p>\n","protected":false},"author":1,"featured_media":0,"parent":0,"menu_order":0,"comment_status":"closed","ping_status":"closed","template":"blank","meta":{"footnotes":""},"class_list":["post-96","page","type-page","status-publish","hentry"],"_links":{"self":[{"href":"https:\/\/lostinthecrease.com\/index.php?rest_route=\/wp\/v2\/pages\/96","targetHints":{"allow":["GET"]}}],"collection":[{"href":"https:\/\/lostinthecrease.com\/index.php?rest_route=\/wp\/v2\/pages"}],"about":[{"href":"https:\/\/lostinthecrease.com\/index.php?rest_route=\/wp\/v2\/types\/page"}],"author":[{"embeddable":true,"href":"https:\/\/lostinthecrease.com\/index.php?rest_route=\/wp\/v2\/users\/1"}],"replies":[{"embeddable":true,"href":"https:\/\/lostinthecrease.com\/index.php?rest_route=%2Fwp%2Fv2%2Fcomments&post=96"}],"version-history":[{"count":15,"href":"https:\/\/lostinthecrease.com\/index.php?rest_route=\/wp\/v2\/pages\/96\/revisions"}],"predecessor-version":[{"id":235,"href":"https:\/\/lostinthecrease.com\/index.php?rest_route=\/wp\/v2\/pages\/96\/revisions\/235"}],"wp:attachment":[{"href":"https:\/\/lostinthecrease.com\/index.php?rest_route=%2Fwp%2Fv2%2Fmedia&parent=96"}],"curies":[{"name":"wp","href":"https:\/\/api.w.org\/{rel}","templated":true}]}}