{"id":102,"date":"2025-11-18T14:01:43","date_gmt":"2025-11-18T14:01:43","guid":{"rendered":"https:\/\/lostinthecrease.com\/?page_id=102"},"modified":"2026-03-20T07:02:43","modified_gmt":"2026-03-20T07:02:43","slug":"lostinthecrease","status":"publish","type":"page","link":"https:\/\/lostinthecrease.com\/?page_id=102","title":{"rendered":"#Lostinthecrease"},"content":{"rendered":"\n<p class=\"has-text-align-center\">Olen Toni, maalivahti LostInTheCreasen takana.<\/p>\n\n\n\n<p class=\"has-text-align-center\">Suomen suurimman maalivahti aiheisen ryhm\u00e4n, <a href=\"https:\/\/www.facebook.com\/groups\/376785352476101\" data-type=\"link\" data-id=\"https:\/\/www.facebook.com\/groups\/376785352476101\">MV-Varuste Hypen<\/a> perustaja.<\/p>\n\n\n\n<p class=\"has-text-align-center\">Intohimoni maalivahdin varusteisiin kumpuaa nuoruuden aamujen NHL Power Week ohjelmista.<\/p>\n\n\n\n<p class=\"has-text-align-center\">Sek\u00e4 nyky\u00e4\u00e4n alati kehittyv\u00e4st\u00e4 ja muuttuvasta varuste murroksesta.<\/p>\n\n\n\n<p class=\"has-text-align-center\">Toimipaikkani sijaitsee Iiss\u00e4, Oulun pohjois puolella.<\/p>\n\n\n\n<figure class=\"wp-block-image aligncenter size-full is-resized\"><img decoding=\"async\" src=\"https:\/\/lostinthecrease.com\/wp-content\/uploads\/2025\/11\/naama.png\" alt=\"\" class=\"wp-image-142\" style=\"width:311px;height:auto\"\/><\/figure>\n\n\n\n<div class=\"wp-block-buttons is-content-justification-center is-layout-flex wp-container-core-buttons-is-layout-a89b3969 wp-block-buttons-is-layout-flex\">\n<div class=\"wp-block-button\"><a class=\"wp-block-button__link wp-element-button\" href=\"https:\/\/lostinthecrease.com\/\" style=\"border-width:2px\">ETUSIVULLE<\/a><\/div>\n\n\n\n<div class=\"wp-block-button\"><a class=\"wp-block-button__link wp-element-button\" href=\"https:\/\/lostinthecrease.com\/?page_id=96\" style=\"border-width:2px\">R\u00c4PYL\u00c4<\/a><\/div>\n\n\n\n<div class=\"wp-block-button\"><a class=\"wp-block-button__link wp-element-button\" href=\"https:\/\/lostinthecrease.com\/?page_id=99\" style=\"border-width:2px\">MASKI<\/a><\/div>\n\n\n\n<div class=\"wp-block-button\"><a class=\"wp-block-button__link wp-element-button\" href=\"https:\/\/lostinthecrease.com\/?page_id=145\" style=\"border-width:2px\">YHTEYDENOTTO<\/a><\/div>\n<\/div>\n\n\n\n<div style=\"height:100px\" aria-hidden=\"true\" class=\"wp-block-spacer\"><\/div>\n\n\n\n<p><\/p>\n","protected":false},"excerpt":{"rendered":"<p>Olen Toni, maalivahti LostInTheCreasen takana. Suomen suurimman maalivahti aiheisen ryhm\u00e4n, MV-Varuste Hypen perustaja. Intohimoni maalivahdin varusteisiin kumpuaa nuoruuden aamujen NHL Power Week ohjelmista. Sek\u00e4 nyky\u00e4\u00e4n alati kehittyv\u00e4st\u00e4 ja muuttuvasta varuste murroksesta. Toimipaikkani sijaitsee Iiss\u00e4, Oulun pohjois puolella.<\/p>\n","protected":false},"author":1,"featured_media":0,"parent":0,"menu_order":0,"comment_status":"closed","ping_status":"closed","template":"blank","meta":{"footnotes":""},"class_list":["post-102","page","type-page","status-publish","hentry"],"_links":{"self":[{"href":"https:\/\/lostinthecrease.com\/index.php?rest_route=\/wp\/v2\/pages\/102","targetHints":{"allow":["GET"]}}],"collection":[{"href":"https:\/\/lostinthecrease.com\/index.php?rest_route=\/wp\/v2\/pages"}],"about":[{"href":"https:\/\/lostinthecrease.com\/index.php?rest_route=\/wp\/v2\/types\/page"}],"author":[{"embeddable":true,"href":"https:\/\/lostinthecrease.com\/index.php?rest_route=\/wp\/v2\/users\/1"}],"replies":[{"embeddable":true,"href":"https:\/\/lostinthecrease.com\/index.php?rest_route=%2Fwp%2Fv2%2Fcomments&post=102"}],"version-history":[{"count":13,"href":"https:\/\/lostinthecrease.com\/index.php?rest_route=\/wp\/v2\/pages\/102\/revisions"}],"predecessor-version":[{"id":233,"href":"https:\/\/lostinthecrease.com\/index.php?rest_route=\/wp\/v2\/pages\/102\/revisions\/233"}],"wp:attachment":[{"href":"https:\/\/lostinthecrease.com\/index.php?rest_route=%2Fwp%2Fv2%2Fmedia&parent=102"}],"curies":[{"name":"wp","href":"https:\/\/api.w.org\/{rel}","templated":true}]}}